{"id":1831,"date":"2021-03-31T08:56:58","date_gmt":"2021-03-31T06:56:58","guid":{"rendered":"http:\/\/muda.studio\/?page_id=1831"},"modified":"2025-11-26T17:51:37","modified_gmt":"2025-11-26T16:51:37","slug":"muda-studio-on-wordpress","status":"publish","type":"page","link":"https:\/\/muda.studio\/","title":{"rendered":"muda.studio on wordpress"},"content":{"rendered":"\n<figure class=\"wp-block-video mainvideo\"><video height=\"1080\" style=\"aspect-ratio: 1920 \/ 1080;\" width=\"1920\" autoplay loop muted src=\"http:\/\/muda.studio\/wp-content\/uploads\/2021\/02\/AdobeStock_115898224.mov\" playsinline><\/video><\/figure>\n\n\n\n<p class=\"has-text-align-center mudanapis\"><span style=\"background-color:rgba(0, 0, 0, 0);color:#0033cc\" class=\"has-inline-color\">muda <\/span>oznacza zmiany<\/p>\n\n\n\n<div id=\"onas\" class=\"wp-block-group mainblock\"><div class=\"wp-block-group__inner-container is-layout-flow wp-block-group-is-layout-flow\">\n<div style=\"height:100px\" aria-hidden=\"true\" class=\"wp-block-spacer\"><\/div>\n\n\n\n<h3 class=\"wp-block-heading\">idea<\/h3>\n\n\n\n<p class=\"has-text-align-center idea has-medium-font-size\">\u201eRozpoznanie potrzeby jest najwa\u017cniejszym warunkiem powstania projektu.\u201d<br>&#8211; Charles Eames <\/p>\n<\/div><\/div>\n\n\n\n<div id=\"projekty\" class=\"wp-block-group\"><div class=\"wp-block-group__inner-container is-layout-flow wp-block-group-is-layout-flow\">\n<div style=\"height:100px\" aria-hidden=\"true\" class=\"wp-block-spacer\"><\/div>\n\n\n\n<h3 class=\"wp-block-heading\" id=\"projekty\">projekty<\/h3>\n\n\n\n<div class=\"wp-block-columns is-layout-flex wp-container-core-columns-is-layout-9d6595d7 wp-block-columns-is-layout-flex\">\n<div class=\"wp-block-column is-layout-flow wp-block-column-is-layout-flow\" style=\"flex-basis:50%\">\n<p class=\"has-text-align-right projectlinkleft\"><a href=\"http:\/\/muda.studio\/index.php\/projekt-bosaka\/\"><strong>Bosaka<\/strong><br> mieszkanie w kamienicy<br>2020<\/a><\/p>\n<\/div>\n\n\n\n<div class=\"wp-block-column is-layout-flow wp-block-column-is-layout-flow\" style=\"flex-basis:50%\">\n<figure class=\"wp-block-image size-large projectmainimage\"><a href=\"http:\/\/muda.studio\/index.php\/projekt-bosaka\/\" rel=\"http:\/\/muda.studio\/projekt-bosaka\"><img loading=\"lazy\" decoding=\"async\" width=\"1024\" height=\"680\" src=\"http:\/\/muda.studio\/wp-content\/uploads\/2021\/03\/3-1024x680.jpg\" alt=\"projekt mieszkania - bosaka\" class=\"wp-image-1497\" title=\"\" srcset=\"https:\/\/muda.studio\/wp-content\/uploads\/2021\/03\/3-1024x680.jpg 1024w, https:\/\/muda.studio\/wp-content\/uploads\/2021\/03\/3-300x199.jpg 300w, https:\/\/muda.studio\/wp-content\/uploads\/2021\/03\/3-768x510.jpg 768w, https:\/\/muda.studio\/wp-content\/uploads\/2021\/03\/3-1536x1020.jpg 1536w, https:\/\/muda.studio\/wp-content\/uploads\/2021\/03\/3-2048x1360.jpg 2048w, https:\/\/muda.studio\/wp-content\/uploads\/2021\/03\/3-500x332.jpg 500w, https:\/\/muda.studio\/wp-content\/uploads\/2021\/03\/3-800x531.jpg 800w, https:\/\/muda.studio\/wp-content\/uploads\/2021\/03\/3-1280x850.jpg 1280w, https:\/\/muda.studio\/wp-content\/uploads\/2021\/03\/3-1920x1275.jpg 1920w\" sizes=\"auto, (max-width: 1024px) 100vw, 1024px\" \/><\/a><\/figure>\n<\/div>\n<\/div>\n\n\n\n<div class=\"wp-block-columns swap-column is-layout-flex wp-container-core-columns-is-layout-9d6595d7 wp-block-columns-is-layout-flex\">\n<div class=\"wp-block-column left-column is-layout-flow wp-block-column-is-layout-flow\" style=\"flex-basis:50%\">\n<figure class=\"wp-block-image size-large projectmainimage\"><a href=\"http:\/\/muda.studio\/index.php\/projekt-lowiecka\/\"><img loading=\"lazy\" decoding=\"async\" width=\"683\" height=\"1024\" src=\"http:\/\/muda.studio\/wp-content\/uploads\/2021\/03\/8-683x1024.jpg\" alt=\"projekt apartamentu - \u0142owiecka\" class=\"wp-image-1552\" srcset=\"https:\/\/muda.studio\/wp-content\/uploads\/2021\/03\/8-683x1024.jpg 683w, https:\/\/muda.studio\/wp-content\/uploads\/2021\/03\/8-200x300.jpg 200w, https:\/\/muda.studio\/wp-content\/uploads\/2021\/03\/8-768x1151.jpg 768w, https:\/\/muda.studio\/wp-content\/uploads\/2021\/03\/8-1025x1536.jpg 1025w, https:\/\/muda.studio\/wp-content\/uploads\/2021\/03\/8-500x749.jpg 500w, https:\/\/muda.studio\/wp-content\/uploads\/2021\/03\/8-800x1199.jpg 800w, https:\/\/muda.studio\/wp-content\/uploads\/2021\/03\/8.jpg 1200w\" sizes=\"auto, (max-width: 683px) 100vw, 683px\" \/><\/a><\/figure>\n<\/div>\n\n\n\n<div class=\"wp-block-column right-column is-layout-flow wp-block-column-is-layout-flow\" style=\"flex-basis:50%\">\n<p class=\"projectlinkright\"><a href=\"http:\/\/muda.studio\/index.php\/projekt-lowiecka\/\"><strong>\u0141owiecka<\/strong><br>apartament na wynajem<br>2019<\/a><br><\/p>\n<\/div>\n<\/div>\n\n\n\n<div class=\"wp-block-columns is-layout-flex wp-container-core-columns-is-layout-9d6595d7 wp-block-columns-is-layout-flex\">\n<div class=\"wp-block-column is-layout-flow wp-block-column-is-layout-flow\" style=\"flex-basis:50%\">\n<p class=\"has-text-align-right projectlinkleft\"><a href=\"http:\/\/muda.studio\/index.php\/projekt-roslinna\/\"><strong>Ro\u015blinna<\/strong><br>mieszkanie z antresol\u0105<br>2019<\/a><br><\/p>\n<\/div>\n\n\n\n<div class=\"wp-block-column is-layout-flow wp-block-column-is-layout-flow\" style=\"flex-basis:50%\">\n<figure class=\"wp-block-image size-large projectmainimage\"><a href=\"http:\/\/muda.studio\/index.php\/projekt-roslinna\/\"><img loading=\"lazy\" decoding=\"async\" width=\"1024\" height=\"684\" src=\"http:\/\/muda.studio\/wp-content\/uploads\/2021\/03\/1-2-1024x684.jpg\" alt=\"projekt apartamentu - ro\u015blinna\" class=\"wp-image-1563\" srcset=\"https:\/\/muda.studio\/wp-content\/uploads\/2021\/03\/1-2-1024x684.jpg 1024w, https:\/\/muda.studio\/wp-content\/uploads\/2021\/03\/1-2-300x200.jpg 300w, https:\/\/muda.studio\/wp-content\/uploads\/2021\/03\/1-2-768x513.jpg 768w, https:\/\/muda.studio\/wp-content\/uploads\/2021\/03\/1-2-1536x1025.jpg 1536w, https:\/\/muda.studio\/wp-content\/uploads\/2021\/03\/1-2-2048x1367.jpg 2048w, https:\/\/muda.studio\/wp-content\/uploads\/2021\/03\/1-2-500x334.jpg 500w, https:\/\/muda.studio\/wp-content\/uploads\/2021\/03\/1-2-800x534.jpg 800w, https:\/\/muda.studio\/wp-content\/uploads\/2021\/03\/1-2-1280x854.jpg 1280w, https:\/\/muda.studio\/wp-content\/uploads\/2021\/03\/1-2-1920x1282.jpg 1920w\" sizes=\"auto, (max-width: 1024px) 100vw, 1024px\" \/><\/a><\/figure>\n<\/div>\n<\/div>\n\n\n\n<div class=\"wp-block-columns right-column is-layout-flex wp-container-core-columns-is-layout-9d6595d7 wp-block-columns-is-layout-flex\">\n<div class=\"wp-block-column left-column is-layout-flow wp-block-column-is-layout-flow\" style=\"flex-basis:50%\">\n<figure class=\"wp-block-image size-large projectmainimage\"><a href=\"http:\/\/muda.studio\/index.php\/projekt-wisniowa\/\"><img loading=\"lazy\" decoding=\"async\" width=\"1024\" height=\"684\" src=\"http:\/\/muda.studio\/wp-content\/uploads\/2021\/03\/DSC_9100-1024x684.jpg\" alt=\"projekt mieszkania - wi\u015bniowa\" class=\"wp-image-1595\" srcset=\"https:\/\/muda.studio\/wp-content\/uploads\/2021\/03\/DSC_9100-1024x684.jpg 1024w, https:\/\/muda.studio\/wp-content\/uploads\/2021\/03\/DSC_9100-300x200.jpg 300w, https:\/\/muda.studio\/wp-content\/uploads\/2021\/03\/DSC_9100-768x513.jpg 768w, https:\/\/muda.studio\/wp-content\/uploads\/2021\/03\/DSC_9100-1536x1025.jpg 1536w, https:\/\/muda.studio\/wp-content\/uploads\/2021\/03\/DSC_9100-2048x1367.jpg 2048w, https:\/\/muda.studio\/wp-content\/uploads\/2021\/03\/DSC_9100-500x334.jpg 500w, https:\/\/muda.studio\/wp-content\/uploads\/2021\/03\/DSC_9100-800x534.jpg 800w, https:\/\/muda.studio\/wp-content\/uploads\/2021\/03\/DSC_9100-1280x854.jpg 1280w, https:\/\/muda.studio\/wp-content\/uploads\/2021\/03\/DSC_9100-1920x1282.jpg 1920w\" sizes=\"auto, (max-width: 1024px) 100vw, 1024px\" \/><\/a><\/figure>\n<\/div>\n\n\n\n<div class=\"wp-block-column is-layout-flow wp-block-column-is-layout-flow\" style=\"flex-basis:50%\">\n<p class=\"projectlinkright\"><a href=\"http:\/\/muda.studio\/index.php\/projekt-wisniowa\/\"><strong>Wi\u015bniowa<\/strong><br>mieszkanie na poddaszu<br>2018<\/a><br><\/p>\n<\/div>\n<\/div>\n<\/div><\/div>\n\n\n\n<div id=\"oferta\" class=\"wp-block-group\"><div class=\"wp-block-group__inner-container is-layout-flow wp-block-group-is-layout-flow\">\n<div style=\"height:100px\" aria-hidden=\"true\" class=\"wp-block-spacer\"><\/div>\n\n\n\n<h3 class=\"wp-block-heading\">oferta<\/h3>\n\n\n\n<p>Projektujemy wn\u0119trza, tworzymy aran\u017cacje zar\u00f3wno dla wn\u0119trz mieszkalnych jak i przestrzeni komercyjnych oraz nadzorujemy realizacj\u0119. Polecamy wykwalifikowanych wykonawc\u00f3w, mi\u0119dzy innymi tapicera, stolarza, meblarza, \u015blusarza \u2013 dla kt\u00f3rych wykonanie mebli pod indywidualny projekt nie stanowi problemu.<\/p>\n\n\n\n<p><\/p>\n\n\n\n<div class=\"wp-block-columns is-layout-flex wp-container-core-columns-is-layout-9d6595d7 wp-block-columns-is-layout-flex\">\n<div class=\"wp-block-column offercolumn is-layout-flow wp-block-column-is-layout-flow\" style=\"flex-basis:30%\">\n<h3 class=\"wp-block-heading\">podstawowy<br><\/h3>\n\n\n\n<p><\/p>\n\n\n\n<p>elementy projektu:<\/p>\n\n\n\n<ul class=\"wp-block-list\">\n<li>uk\u0142ad funkcjonalny<\/li>\n\n\n\n<li>moodboard<\/li>\n\n\n\n<li>szkice koncepcji projektowej<\/li>\n\n\n\n<li>wizualizacje 3D<\/li>\n\n\n\n<li>wyb\u00f3r materia\u0142\u00f3w wyko\u0144czeniowych<\/li>\n\n\n\n<li> kolorystyka \u015bcian<\/li>\n\n\n\n<li>komplet rysunk\u00f3w wykonawczych<\/li>\n\n\n\n<li>projekt mebli na wymiar<\/li>\n\n\n\n<li>konsultacje z projektantem<\/li>\n<\/ul>\n<\/div>\n\n\n\n<div class=\"wp-block-column offercolumn is-layout-flow wp-block-column-is-layout-flow\" style=\"flex-basis:30%\">\n<h3 class=\"wp-block-heading\">kompleksowy<\/h3>\n\n\n\n<p>projekt podstawowy,  plus:<\/p>\n\n\n\n<ul class=\"wp-block-list\">\n<li>inwentaryzacja z natury<\/li>\n\n\n\n<li>dob\u00f3r o\u015bwietlenia<\/li>\n\n\n\n<li>lista zakup\u00f3w<br>propozycje wyposa\u017cenia, ceramiki i armatury \u0142azienkowej<\/li>\n\n\n\n<li>wizyty w sklepach<\/li>\n\n\n\n<li>wizyty na budowie w ramach nadzoru autorskiego<\/li>\n<\/ul>\n<\/div>\n\n\n\n<div class=\"wp-block-column offercolumn is-layout-flow wp-block-column-is-layout-flow\" style=\"flex-basis:30%\">\n<h3 class=\"wp-block-heading\">kompleksowy z nadzorem<\/h3>\n\n\n\n<p>projekt kompleksowy, plus:<\/p>\n\n\n\n<ul class=\"wp-block-list\">\n<li>kosztorys &#8211; przygotowanie wycen i zam\u00f3wie\u0144<\/li>\n\n\n\n<li>koordynacja i odbi\u00f3r prac wyko\u0144czeniowych<\/li>\n<\/ul>\n\n\n\n<p><\/p>\n<\/div>\n<\/div>\n<\/div><\/div>\n\n\n<p><!-- \/wp:post-content --><\/p>\n<p><!-- wp:group --><\/p>\n<div id=\"kontakt\" class=\"wp-block-group\">\n<div class=\"wp-block-group__inner-container\"><!-- wp:spacer -->\n<div class=\"wp-block-spacer\" style=\"height: 100px;\" aria-hidden=\"true\">\u00a0<\/div>\n<p><!-- \/wp:spacer --><\/p>\n<p><!-- wp:heading {\"level\":3} --><\/p>\n<h3>kontakt<\/h3>\n<p><!-- \/wp:heading --><\/p>\n<p><!-- wp:columns --><\/p>\n<div class=\"wp-block-columns\"><!-- wp:column {\"width\":\"22%\"} -->\n<div class=\"wp-block-column\" style=\"flex-basis: 22%;\"><!-- wp:paragraph -->\n<p>Aneta Mielczarek<br \/><a href=\"mailto:aneta@muda.studio\">aneta@muda.studio<\/a><br \/>+48 883 003 510<\/p>\n<p><!-- \/wp:paragraph --><\/p>\n<p><!-- wp:paragraph --><\/p>\n<p>Agnieszka Kotschy<br \/><a href=\"agnieszka@muda.studio\">agnieszka@muda.studio<br \/><\/a>+48 697 202 346<\/p>\n<p><!-- \/wp:paragraph --><\/p>\n<p><!-- wp:paragraph --><\/p>\n<p><!-- \/wp:paragraph --><\/p>\n<\/div>\n<p><!-- \/wp:column --><\/p>\n<p><!-- wp:column {\"width\":\"66.66%\"} --><\/p>\n<div class=\"wp-block-column\" style=\"flex-basis: 66.66%;\"><!-- wp:paragraph -->\n<p>muda.studio<br \/>ul. Asnyka 23\/4<br \/>51-143 Wroc\u0142aw<\/p>\n<div class=\"wp-block-webfactory-map\">\n<div class=\"wp-block-webfactory-map\">\u00a0<\/div>\n<\/div>\n<p><!-- \/wp:paragraph --><\/p>\n<\/div>\n<p><!-- \/wp:column --><\/p>\n<\/div>\n<p><!-- \/wp:columns --><\/p>\n<\/div>\n<\/div>\n<p><!-- \/wp:group --><\/p>","protected":false},"excerpt":{"rendered":"<p>muda oznacza zmiany idea \u201eRozpoznanie potrzeby jest najwa\u017cniejszym warunkiem powstania projektu.\u201d&#8211; Charles Eames projekty Bosaka mieszkanie w kamienicy2020 \u0141owieckaapartament na wynajem2019 Ro\u015blinnamieszkanie z antresol\u01052019 Wi\u015bniowamieszkanie na poddaszu2018 oferta Projektujemy wn\u0119trza, tworzymy aran\u017cacje zar\u00f3wno dla wn\u0119trz mieszkalnych jak i przestrzeni komercyjnych oraz nadzorujemy realizacj\u0119. Polecamy wykwalifikowanych wykonawc\u00f3w, mi\u0119dzy innymi tapicera, stolarza, meblarza, \u015blusarza \u2013 dla kt\u00f3rych [&hellip;]<\/p>\n","protected":false},"author":1,"featured_media":0,"parent":0,"menu_order":0,"comment_status":"closed","ping_status":"closed","template":"elementor_header_footer","meta":{"footnotes":""},"folder":[],"class_list":["post-1831","page","type-page","status-publish","hentry","entry"],"yoast_head":"<!-- This site is optimized with the Yoast SEO plugin v21.5 - https:\/\/yoast.com\/wordpress\/plugins\/seo\/ -->\n<title>muda.studio on wordpress - muda.studio - projektowanie wn\u0119trz<\/title>\n<meta name=\"description\" content=\"Architektura wn\u0119trz Architekt wn\u0119trz Wroc\u0142aw i okolice Projektant wn\u0119trz Zdalne projekty remont mieszkania remont w kamienicy projekt \u0142azienki projekt kuchni\" \/>\n<meta name=\"robots\" content=\"index, follow, max-snippet:-1, max-image-preview:large, max-video-preview:-1\" \/>\n<link rel=\"canonical\" href=\"https:\/\/muda.studio\/\" \/>\n<meta property=\"og:locale\" content=\"en_US\" \/>\n<meta property=\"og:type\" content=\"article\" \/>\n<meta property=\"og:title\" content=\"muda.studio on wordpress - muda.studio - projektowanie wn\u0119trz\" \/>\n<meta property=\"og:description\" content=\"Architektura wn\u0119trz Architekt wn\u0119trz Wroc\u0142aw i okolice Projektant wn\u0119trz Zdalne projekty remont mieszkania remont w kamienicy projekt \u0142azienki projekt kuchni\" \/>\n<meta property=\"og:url\" content=\"https:\/\/muda.studio\/\" \/>\n<meta property=\"og:site_name\" content=\"muda.studio - projektowanie wn\u0119trz\" \/>\n<meta property=\"article:modified_time\" content=\"2025-11-26T16:51:37+00:00\" \/>\n<meta property=\"og:image\" content=\"http:\/\/muda.studio\/wp-content\/uploads\/2021\/03\/3-1024x680.jpg\" \/>\n<meta name=\"twitter:card\" content=\"summary_large_image\" \/>\n<meta name=\"twitter:label1\" content=\"Est. reading time\" \/>\n\t<meta name=\"twitter:data1\" content=\"2 minutes\" \/>\n<script type=\"application\/ld+json\" class=\"yoast-schema-graph\">{\"@context\":\"https:\/\/schema.org\",\"@graph\":[{\"@type\":\"WebPage\",\"@id\":\"https:\/\/muda.studio\/\",\"url\":\"https:\/\/muda.studio\/\",\"name\":\"muda.studio on wordpress - muda.studio - projektowanie wn\u0119trz\",\"isPartOf\":{\"@id\":\"https:\/\/muda.studio\/#website\"},\"datePublished\":\"2021-03-31T06:56:58+00:00\",\"dateModified\":\"2025-11-26T16:51:37+00:00\",\"description\":\"Architektura wn\u0119trz Architekt wn\u0119trz Wroc\u0142aw i okolice Projektant wn\u0119trz Zdalne projekty remont mieszkania remont w kamienicy projekt \u0142azienki projekt kuchni\",\"breadcrumb\":{\"@id\":\"https:\/\/muda.studio\/#breadcrumb\"},\"inLanguage\":\"en-US\",\"potentialAction\":[{\"@type\":\"ReadAction\",\"target\":[\"https:\/\/muda.studio\/\"]}]},{\"@type\":\"BreadcrumbList\",\"@id\":\"https:\/\/muda.studio\/#breadcrumb\",\"itemListElement\":[{\"@type\":\"ListItem\",\"position\":1,\"name\":\"Home\",\"item\":\"https:\/\/muda.studio\/\"},{\"@type\":\"ListItem\",\"position\":2,\"name\":\"muda.studio on wordpress\"}]},{\"@type\":\"WebSite\",\"@id\":\"https:\/\/muda.studio\/#website\",\"url\":\"https:\/\/muda.studio\/\",\"name\":\"muda.studio - projektowanie wn\u0119trz\",\"description\":\"Projektowanie wn\u0119trz na terenie Wroc\u0142awia i nie tylko.\",\"publisher\":{\"@id\":\"https:\/\/muda.studio\/#organization\"},\"potentialAction\":[{\"@type\":\"SearchAction\",\"target\":{\"@type\":\"EntryPoint\",\"urlTemplate\":\"https:\/\/muda.studio\/?s={search_term_string}\"},\"query-input\":\"required name=search_term_string\"}],\"inLanguage\":\"en-US\"},{\"@type\":\"Organization\",\"@id\":\"https:\/\/muda.studio\/#organization\",\"name\":\"muda.studio - projektowanie wn\u0119trz\",\"url\":\"https:\/\/muda.studio\/\",\"logo\":{\"@type\":\"ImageObject\",\"inLanguage\":\"en-US\",\"@id\":\"https:\/\/muda.studio\/#\/schema\/logo\/image\/\",\"url\":\"https:\/\/muda.studio\/wp-content\/uploads\/2021\/02\/cropped-muda_logo_0033cc.png\",\"contentUrl\":\"https:\/\/muda.studio\/wp-content\/uploads\/2021\/02\/cropped-muda_logo_0033cc.png\",\"width\":1919,\"height\":526,\"caption\":\"muda.studio - projektowanie wn\u0119trz\"},\"image\":{\"@id\":\"https:\/\/muda.studio\/#\/schema\/logo\/image\/\"}}]}<\/script>\n<!-- \/ Yoast SEO plugin. -->","yoast_head_json":{"title":"muda.studio on wordpress - muda.studio - projektowanie wn\u0119trz","description":"Architektura wn\u0119trz Architekt wn\u0119trz Wroc\u0142aw i okolice Projektant wn\u0119trz Zdalne projekty remont mieszkania remont w kamienicy projekt \u0142azienki projekt kuchni","robots":{"index":"index","follow":"follow","max-snippet":"max-snippet:-1","max-image-preview":"max-image-preview:large","max-video-preview":"max-video-preview:-1"},"canonical":"https:\/\/muda.studio\/","og_locale":"en_US","og_type":"article","og_title":"muda.studio on wordpress - muda.studio - projektowanie wn\u0119trz","og_description":"Architektura wn\u0119trz Architekt wn\u0119trz Wroc\u0142aw i okolice Projektant wn\u0119trz Zdalne projekty remont mieszkania remont w kamienicy projekt \u0142azienki projekt kuchni","og_url":"https:\/\/muda.studio\/","og_site_name":"muda.studio - projektowanie wn\u0119trz","article_modified_time":"2025-11-26T16:51:37+00:00","og_image":[{"url":"http:\/\/muda.studio\/wp-content\/uploads\/2021\/03\/3-1024x680.jpg"}],"twitter_card":"summary_large_image","twitter_misc":{"Est. reading time":"2 minutes"},"schema":{"@context":"https:\/\/schema.org","@graph":[{"@type":"WebPage","@id":"https:\/\/muda.studio\/","url":"https:\/\/muda.studio\/","name":"muda.studio on wordpress - muda.studio - projektowanie wn\u0119trz","isPartOf":{"@id":"https:\/\/muda.studio\/#website"},"datePublished":"2021-03-31T06:56:58+00:00","dateModified":"2025-11-26T16:51:37+00:00","description":"Architektura wn\u0119trz Architekt wn\u0119trz Wroc\u0142aw i okolice Projektant wn\u0119trz Zdalne projekty remont mieszkania remont w kamienicy projekt \u0142azienki projekt kuchni","breadcrumb":{"@id":"https:\/\/muda.studio\/#breadcrumb"},"inLanguage":"en-US","potentialAction":[{"@type":"ReadAction","target":["https:\/\/muda.studio\/"]}]},{"@type":"BreadcrumbList","@id":"https:\/\/muda.studio\/#breadcrumb","itemListElement":[{"@type":"ListItem","position":1,"name":"Home","item":"https:\/\/muda.studio\/"},{"@type":"ListItem","position":2,"name":"muda.studio on wordpress"}]},{"@type":"WebSite","@id":"https:\/\/muda.studio\/#website","url":"https:\/\/muda.studio\/","name":"muda.studio - projektowanie wn\u0119trz","description":"Projektowanie wn\u0119trz na terenie Wroc\u0142awia i nie tylko.","publisher":{"@id":"https:\/\/muda.studio\/#organization"},"potentialAction":[{"@type":"SearchAction","target":{"@type":"EntryPoint","urlTemplate":"https:\/\/muda.studio\/?s={search_term_string}"},"query-input":"required name=search_term_string"}],"inLanguage":"en-US"},{"@type":"Organization","@id":"https:\/\/muda.studio\/#organization","name":"muda.studio - projektowanie wn\u0119trz","url":"https:\/\/muda.studio\/","logo":{"@type":"ImageObject","inLanguage":"en-US","@id":"https:\/\/muda.studio\/#\/schema\/logo\/image\/","url":"https:\/\/muda.studio\/wp-content\/uploads\/2021\/02\/cropped-muda_logo_0033cc.png","contentUrl":"https:\/\/muda.studio\/wp-content\/uploads\/2021\/02\/cropped-muda_logo_0033cc.png","width":1919,"height":526,"caption":"muda.studio - projektowanie wn\u0119trz"},"image":{"@id":"https:\/\/muda.studio\/#\/schema\/logo\/image\/"}}]}},"_links":{"self":[{"href":"https:\/\/muda.studio\/index.php\/wp-json\/wp\/v2\/pages\/1831","targetHints":{"allow":["GET"]}}],"collection":[{"href":"https:\/\/muda.studio\/index.php\/wp-json\/wp\/v2\/pages"}],"about":[{"href":"https:\/\/muda.studio\/index.php\/wp-json\/wp\/v2\/types\/page"}],"author":[{"embeddable":true,"href":"https:\/\/muda.studio\/index.php\/wp-json\/wp\/v2\/users\/1"}],"replies":[{"embeddable":true,"href":"https:\/\/muda.studio\/index.php\/wp-json\/wp\/v2\/comments?post=1831"}],"version-history":[{"count":90,"href":"https:\/\/muda.studio\/index.php\/wp-json\/wp\/v2\/pages\/1831\/revisions"}],"predecessor-version":[{"id":2364,"href":"https:\/\/muda.studio\/index.php\/wp-json\/wp\/v2\/pages\/1831\/revisions\/2364"}],"wp:attachment":[{"href":"https:\/\/muda.studio\/index.php\/wp-json\/wp\/v2\/media?parent=1831"}],"wp:term":[{"taxonomy":"folder","embeddable":true,"href":"https:\/\/muda.studio\/index.php\/wp-json\/wp\/v2\/folder?post=1831"}],"curies":[{"name":"wp","href":"https:\/\/api.w.org\/{rel}","templated":true}]}}