{"id":1826,"date":"2021-03-30T21:00:57","date_gmt":"2021-03-30T19:00:57","guid":{"rendered":"http:\/\/muda.studio\/?page_id=1826"},"modified":"2021-11-12T14:09:17","modified_gmt":"2021-11-12T13:09:17","slug":"projekt-wisniowa","status":"publish","type":"page","link":"https:\/\/muda.studio\/index.php\/projekt-wisniowa\/","title":{"rendered":"projekt-wisniowa"},"content":{"rendered":"\n<div class=\"wp-block-group\"><div class=\"wp-block-group__inner-container is-layout-flow wp-block-group-is-layout-flow\">\n<div style=\"height:60px\" aria-hidden=\"true\" class=\"wp-block-spacer\"><\/div>\n\n\n\n<div class=\"wp-block-columns is-layout-flex wp-container-core-columns-is-layout-9d6595d7 wp-block-columns-is-layout-flex\">\n<div class=\"wp-block-column is-layout-flow wp-block-column-is-layout-flow\" style=\"flex-basis:25%\">\n<p><strong>Wi\u015bniowa<\/strong><br>mieszkanie na poddaszu<br>2018<\/p>\n\n\n\n<p class=\"has-small-font-size\">projekt w ramach Mauve<\/p>\n<\/div>\n\n\n\n<div class=\"wp-block-column is-layout-flow wp-block-column-is-layout-flow\" style=\"flex-basis:75%\"><div class=\"foogallery foogallery-container foogallery-masonry foogallery-lightbox-foobox fg-center fg-masonry fg-light fg-loading-default fg-loaded-fade-in fg-hover-fade fg-hover-plus fg-ready fg-col2\" id=\"foogallery-gallery-1806\" data-foogallery=\"{&quot;item&quot;:{&quot;showCaptionTitle&quot;:false,&quot;showCaptionDescription&quot;:false},&quot;lazy&quot;:true}\" >\r\n\t\t<div class=\"fg-column-width\"><\/div>\r\n\t<div class=\"fg-gutter-width\"><\/div>\r\n\t\t<div class=\"fg-item fg-type-image fg-idle\"><figure class=\"fg-item-inner\"><a href=\"https:\/\/muda.studio\/wp-content\/uploads\/2021\/03\/DSC_9239-scaled.jpg\" data-attachment-id=\"1603\" class=\"fg-thumb\"><span class=\"fg-image-wrap\"><img fetchpriority=\"high\" decoding=\"async\" width=\"300\" height=\"200\" class=\"skip-lazy fg-image\" data-src-fg=\"https:\/\/muda.studio\/wp-content\/uploads\/cache\/2021\/03\/DSC_9239-scaled\/513198174.jpg\" src=\"data:image\/svg+xml,%3Csvg%20xmlns%3D%22http%3A%2F%2Fwww.w3.org%2F2000%2Fsvg%22%20width%3D%22300%22%20height%3D%22200%22%20viewBox%3D%220%200%20300%20200%22%3E%3C%2Fsvg%3E\" loading=\"eager\"><\/span><span class=\"fg-image-overlay\"><\/span><\/a><figcaption class=\"fg-caption\"><div class=\"fg-caption-inner\"><\/div><\/figcaption><\/figure><div class=\"fg-loader\"><\/div><\/div><div class=\"fg-item fg-type-image fg-idle\"><figure class=\"fg-item-inner\"><a href=\"https:\/\/muda.studio\/wp-content\/uploads\/2021\/03\/DSC_9261-scaled.jpg\" data-attachment-id=\"1604\" class=\"fg-thumb\"><span class=\"fg-image-wrap\"><img decoding=\"async\" width=\"300\" height=\"449\" class=\"skip-lazy fg-image\" data-src-fg=\"https:\/\/muda.studio\/wp-content\/uploads\/cache\/2021\/03\/DSC_9261-scaled\/1732109696.jpg\" src=\"data:image\/svg+xml,%3Csvg%20xmlns%3D%22http%3A%2F%2Fwww.w3.org%2F2000%2Fsvg%22%20width%3D%22300%22%20height%3D%22449%22%20viewBox%3D%220%200%20300%20449%22%3E%3C%2Fsvg%3E\" loading=\"eager\"><\/span><span class=\"fg-image-overlay\"><\/span><\/a><figcaption class=\"fg-caption\"><div class=\"fg-caption-inner\"><\/div><\/figcaption><\/figure><div class=\"fg-loader\"><\/div><\/div><div class=\"fg-item fg-type-image fg-idle\"><figure class=\"fg-item-inner\"><a href=\"https:\/\/muda.studio\/wp-content\/uploads\/2021\/03\/DSC_9226-scaled.jpg\" data-attachment-id=\"1602\" class=\"fg-thumb\"><span class=\"fg-image-wrap\"><img decoding=\"async\" width=\"300\" height=\"200\" class=\"skip-lazy fg-image\" data-src-fg=\"https:\/\/muda.studio\/wp-content\/uploads\/cache\/2021\/03\/DSC_9226-scaled\/-888603061.jpg\" src=\"data:image\/svg+xml,%3Csvg%20xmlns%3D%22http%3A%2F%2Fwww.w3.org%2F2000%2Fsvg%22%20width%3D%22300%22%20height%3D%22200%22%20viewBox%3D%220%200%20300%20200%22%3E%3C%2Fsvg%3E\" loading=\"eager\"><\/span><span class=\"fg-image-overlay\"><\/span><\/a><figcaption class=\"fg-caption\"><div class=\"fg-caption-inner\"><\/div><\/figcaption><\/figure><div class=\"fg-loader\"><\/div><\/div><div class=\"fg-item fg-type-image fg-idle\"><figure class=\"fg-item-inner\"><a href=\"https:\/\/muda.studio\/wp-content\/uploads\/2021\/03\/DSC_9067-scaled.jpg\" data-attachment-id=\"1594\" class=\"fg-thumb\"><span class=\"fg-image-wrap\"><img decoding=\"async\" width=\"300\" height=\"447\" class=\"skip-lazy fg-image\" data-src-fg=\"https:\/\/muda.studio\/wp-content\/uploads\/cache\/2021\/03\/DSC_9067-scaled\/-932467301.jpg\" src=\"data:image\/svg+xml,%3Csvg%20xmlns%3D%22http%3A%2F%2Fwww.w3.org%2F2000%2Fsvg%22%20width%3D%22300%22%20height%3D%22447%22%20viewBox%3D%220%200%20300%20447%22%3E%3C%2Fsvg%3E\" loading=\"eager\"><\/span><span class=\"fg-image-overlay\"><\/span><\/a><figcaption class=\"fg-caption\"><div class=\"fg-caption-inner\"><\/div><\/figcaption><\/figure><div class=\"fg-loader\"><\/div><\/div><div class=\"fg-item fg-type-image fg-idle\"><figure class=\"fg-item-inner\"><a href=\"https:\/\/muda.studio\/wp-content\/uploads\/2021\/03\/DSC_9188-scaled.jpg\" data-attachment-id=\"1601\" class=\"fg-thumb\"><span class=\"fg-image-wrap\"><img decoding=\"async\" width=\"300\" height=\"200\" class=\"skip-lazy fg-image\" data-src-fg=\"https:\/\/muda.studio\/wp-content\/uploads\/cache\/2021\/03\/DSC_9188-scaled\/-254760003.jpg\" src=\"data:image\/svg+xml,%3Csvg%20xmlns%3D%22http%3A%2F%2Fwww.w3.org%2F2000%2Fsvg%22%20width%3D%22300%22%20height%3D%22200%22%20viewBox%3D%220%200%20300%20200%22%3E%3C%2Fsvg%3E\" loading=\"eager\"><\/span><span class=\"fg-image-overlay\"><\/span><\/a><figcaption class=\"fg-caption\"><div class=\"fg-caption-inner\"><\/div><\/figcaption><\/figure><div class=\"fg-loader\"><\/div><\/div><div class=\"fg-item fg-type-image fg-idle\"><figure class=\"fg-item-inner\"><a href=\"https:\/\/muda.studio\/wp-content\/uploads\/2021\/03\/DSC_9100-scaled.jpg\" data-attachment-id=\"1595\" class=\"fg-thumb\"><span class=\"fg-image-wrap\"><img decoding=\"async\" width=\"300\" height=\"200\" class=\"skip-lazy fg-image\" data-src-fg=\"https:\/\/muda.studio\/wp-content\/uploads\/cache\/2021\/03\/DSC_9100-scaled\/-1474075585.jpg\" src=\"data:image\/svg+xml,%3Csvg%20xmlns%3D%22http%3A%2F%2Fwww.w3.org%2F2000%2Fsvg%22%20width%3D%22300%22%20height%3D%22200%22%20viewBox%3D%220%200%20300%20200%22%3E%3C%2Fsvg%3E\" loading=\"eager\"><\/span><span class=\"fg-image-overlay\"><\/span><\/a><figcaption class=\"fg-caption\"><div class=\"fg-caption-inner\"><\/div><\/figcaption><\/figure><div class=\"fg-loader\"><\/div><\/div><div class=\"fg-item fg-type-image fg-idle\"><figure class=\"fg-item-inner\"><a href=\"https:\/\/muda.studio\/wp-content\/uploads\/2021\/03\/DSC_9107-scaled.jpg\" data-attachment-id=\"1596\" class=\"fg-thumb\"><span class=\"fg-image-wrap\"><img decoding=\"async\" width=\"300\" height=\"200\" class=\"skip-lazy fg-image\" data-src-fg=\"https:\/\/muda.studio\/wp-content\/uploads\/cache\/2021\/03\/DSC_9107-scaled\/1117832974.jpg\" src=\"data:image\/svg+xml,%3Csvg%20xmlns%3D%22http%3A%2F%2Fwww.w3.org%2F2000%2Fsvg%22%20width%3D%22300%22%20height%3D%22200%22%20viewBox%3D%220%200%20300%20200%22%3E%3C%2Fsvg%3E\" loading=\"eager\"><\/span><span class=\"fg-image-overlay\"><\/span><\/a><figcaption class=\"fg-caption\"><div class=\"fg-caption-inner\"><\/div><\/figcaption><\/figure><div class=\"fg-loader\"><\/div><\/div><div class=\"fg-item fg-type-image fg-idle\"><figure class=\"fg-item-inner\"><a href=\"https:\/\/muda.studio\/wp-content\/uploads\/2021\/03\/DSC_9279-scaled.jpg\" data-attachment-id=\"1605\" class=\"fg-thumb\"><span class=\"fg-image-wrap\"><img decoding=\"async\" width=\"300\" height=\"449\" class=\"skip-lazy fg-image\" data-src-fg=\"https:\/\/muda.studio\/wp-content\/uploads\/cache\/2021\/03\/DSC_9279-scaled\/698539151.jpg\" src=\"data:image\/svg+xml,%3Csvg%20xmlns%3D%22http%3A%2F%2Fwww.w3.org%2F2000%2Fsvg%22%20width%3D%22300%22%20height%3D%22449%22%20viewBox%3D%220%200%20300%20449%22%3E%3C%2Fsvg%3E\" loading=\"eager\"><\/span><span class=\"fg-image-overlay\"><\/span><\/a><figcaption class=\"fg-caption\"><div class=\"fg-caption-inner\"><\/div><\/figcaption><\/figure><div class=\"fg-loader\"><\/div><\/div><div class=\"fg-item fg-type-image fg-idle\"><figure class=\"fg-item-inner\"><a href=\"https:\/\/muda.studio\/wp-content\/uploads\/2021\/03\/DSC_9032-scaled.jpg\" data-attachment-id=\"1593\" class=\"fg-thumb\"><span class=\"fg-image-wrap\"><img decoding=\"async\" width=\"300\" height=\"200\" class=\"skip-lazy fg-image\" data-src-fg=\"https:\/\/muda.studio\/wp-content\/uploads\/cache\/2021\/03\/DSC_9032-scaled\/1305408073.jpg\" src=\"data:image\/svg+xml,%3Csvg%20xmlns%3D%22http%3A%2F%2Fwww.w3.org%2F2000%2Fsvg%22%20width%3D%22300%22%20height%3D%22200%22%20viewBox%3D%220%200%20300%20200%22%3E%3C%2Fsvg%3E\" loading=\"eager\"><\/span><span class=\"fg-image-overlay\"><\/span><\/a><figcaption class=\"fg-caption\"><div class=\"fg-caption-inner\"><\/div><\/figcaption><\/figure><div class=\"fg-loader\"><\/div><\/div><div class=\"fg-item fg-type-image fg-idle\"><figure class=\"fg-item-inner\"><a href=\"https:\/\/muda.studio\/wp-content\/uploads\/2021\/03\/DSC_9116-scaled.jpg\" data-attachment-id=\"1598\" class=\"fg-thumb\"><span class=\"fg-image-wrap\"><img decoding=\"async\" width=\"300\" height=\"200\" class=\"skip-lazy fg-image\" data-src-fg=\"https:\/\/muda.studio\/wp-content\/uploads\/cache\/2021\/03\/DSC_9116-scaled\/380957608.jpg\" src=\"data:image\/svg+xml,%3Csvg%20xmlns%3D%22http%3A%2F%2Fwww.w3.org%2F2000%2Fsvg%22%20width%3D%22300%22%20height%3D%22200%22%20viewBox%3D%220%200%20300%20200%22%3E%3C%2Fsvg%3E\" loading=\"eager\"><\/span><span class=\"fg-image-overlay\"><\/span><\/a><figcaption class=\"fg-caption\"><div class=\"fg-caption-inner\"><\/div><\/figcaption><\/figure><div class=\"fg-loader\"><\/div><\/div><div class=\"fg-item fg-type-image fg-idle\"><figure class=\"fg-item-inner\"><a href=\"https:\/\/muda.studio\/wp-content\/uploads\/2021\/03\/DSC_9126-scaled.jpg\" data-attachment-id=\"1599\" class=\"fg-thumb\"><span class=\"fg-image-wrap\"><img decoding=\"async\" width=\"300\" height=\"200\" class=\"skip-lazy fg-image\" data-src-fg=\"https:\/\/muda.studio\/wp-content\/uploads\/cache\/2021\/03\/DSC_9126-scaled\/268575555.jpg\" src=\"data:image\/svg+xml,%3Csvg%20xmlns%3D%22http%3A%2F%2Fwww.w3.org%2F2000%2Fsvg%22%20width%3D%22300%22%20height%3D%22200%22%20viewBox%3D%220%200%20300%20200%22%3E%3C%2Fsvg%3E\" loading=\"eager\"><\/span><span class=\"fg-image-overlay\"><\/span><\/a><figcaption class=\"fg-caption\"><div class=\"fg-caption-inner\"><\/div><\/figcaption><\/figure><div class=\"fg-loader\"><\/div><\/div><div class=\"fg-item fg-type-image fg-idle\"><figure class=\"fg-item-inner\"><a href=\"https:\/\/muda.studio\/wp-content\/uploads\/2021\/03\/DSC_9115-scaled.jpg\" data-attachment-id=\"1597\" class=\"fg-thumb\"><span class=\"fg-image-wrap\"><img decoding=\"async\" width=\"300\" height=\"200\" class=\"skip-lazy fg-image\" data-src-fg=\"https:\/\/muda.studio\/wp-content\/uploads\/cache\/2021\/03\/DSC_9115-scaled\/1798341399.jpg\" src=\"data:image\/svg+xml,%3Csvg%20xmlns%3D%22http%3A%2F%2Fwww.w3.org%2F2000%2Fsvg%22%20width%3D%22300%22%20height%3D%22200%22%20viewBox%3D%220%200%20300%20200%22%3E%3C%2Fsvg%3E\" loading=\"eager\"><\/span><span class=\"fg-image-overlay\"><\/span><\/a><figcaption class=\"fg-caption\"><div class=\"fg-caption-inner\"><\/div><\/figcaption><\/figure><div class=\"fg-loader\"><\/div><\/div><div class=\"fg-item fg-type-image fg-idle\"><figure class=\"fg-item-inner\"><a href=\"https:\/\/muda.studio\/wp-content\/uploads\/2021\/03\/DSC_9135-scaled.jpg\" data-attachment-id=\"1600\" class=\"fg-thumb\"><span class=\"fg-image-wrap\"><img decoding=\"async\" width=\"300\" height=\"199\" class=\"skip-lazy fg-image\" data-src-fg=\"https:\/\/muda.studio\/wp-content\/uploads\/cache\/2021\/03\/DSC_9135-scaled\/2038142485.jpg\" src=\"data:image\/svg+xml,%3Csvg%20xmlns%3D%22http%3A%2F%2Fwww.w3.org%2F2000%2Fsvg%22%20width%3D%22300%22%20height%3D%22199%22%20viewBox%3D%220%200%20300%20199%22%3E%3C%2Fsvg%3E\" loading=\"eager\"><\/span><span class=\"fg-image-overlay\"><\/span><\/a><figcaption class=\"fg-caption\"><div class=\"fg-caption-inner\"><\/div><\/figcaption><\/figure><div class=\"fg-loader\"><\/div><\/div><div class=\"fg-item fg-type-image fg-idle\"><figure class=\"fg-item-inner\"><a href=\"https:\/\/muda.studio\/wp-content\/uploads\/2021\/03\/DSC_9023-scaled.jpg\" data-attachment-id=\"1592\" class=\"fg-thumb\"><span class=\"fg-image-wrap\"><img decoding=\"async\" width=\"300\" height=\"203\" class=\"skip-lazy fg-image\" data-src-fg=\"https:\/\/muda.studio\/wp-content\/uploads\/cache\/2021\/03\/DSC_9023-scaled\/1965284393.jpg\" src=\"data:image\/svg+xml,%3Csvg%20xmlns%3D%22http%3A%2F%2Fwww.w3.org%2F2000%2Fsvg%22%20width%3D%22300%22%20height%3D%22203%22%20viewBox%3D%220%200%20300%20203%22%3E%3C%2Fsvg%3E\" loading=\"eager\"><\/span><span class=\"fg-image-overlay\"><\/span><\/a><figcaption class=\"fg-caption\"><div class=\"fg-caption-inner\"><\/div><\/figcaption><\/figure><div class=\"fg-loader\"><\/div><\/div><div class=\"fg-item fg-type-image fg-idle\"><figure class=\"fg-item-inner\"><a href=\"https:\/\/muda.studio\/wp-content\/uploads\/2021\/03\/DSC_9020-Edit-scaled.jpg\" data-attachment-id=\"1591\" class=\"fg-thumb\"><span class=\"fg-image-wrap\"><img decoding=\"async\" width=\"300\" height=\"200\" class=\"skip-lazy fg-image\" data-src-fg=\"https:\/\/muda.studio\/wp-content\/uploads\/cache\/2021\/03\/DSC_9020-Edit-scaled\/-1030584573.jpg\" src=\"data:image\/svg+xml,%3Csvg%20xmlns%3D%22http%3A%2F%2Fwww.w3.org%2F2000%2Fsvg%22%20width%3D%22300%22%20height%3D%22200%22%20viewBox%3D%220%200%20300%20200%22%3E%3C%2Fsvg%3E\" loading=\"eager\"><\/span><span class=\"fg-image-overlay\"><\/span><\/a><figcaption class=\"fg-caption\"><div class=\"fg-caption-inner\"><\/div><\/figcaption><\/figure><div class=\"fg-loader\"><\/div><\/div><div class=\"fg-item fg-type-image fg-idle\"><figure class=\"fg-item-inner\"><a href=\"https:\/\/muda.studio\/wp-content\/uploads\/2021\/03\/DSC_8963-scaled.jpg\" data-attachment-id=\"1587\" class=\"fg-thumb\"><span class=\"fg-image-wrap\"><img decoding=\"async\" width=\"300\" height=\"202\" class=\"skip-lazy fg-image\" data-src-fg=\"https:\/\/muda.studio\/wp-content\/uploads\/cache\/2021\/03\/DSC_8963-scaled\/-650805173.jpg\" src=\"data:image\/svg+xml,%3Csvg%20xmlns%3D%22http%3A%2F%2Fwww.w3.org%2F2000%2Fsvg%22%20width%3D%22300%22%20height%3D%22202%22%20viewBox%3D%220%200%20300%20202%22%3E%3C%2Fsvg%3E\" loading=\"eager\"><\/span><span class=\"fg-image-overlay\"><\/span><\/a><figcaption class=\"fg-caption\"><div class=\"fg-caption-inner\"><\/div><\/figcaption><\/figure><div class=\"fg-loader\"><\/div><\/div><div class=\"fg-item fg-type-image fg-idle\"><figure class=\"fg-item-inner\"><a href=\"https:\/\/muda.studio\/wp-content\/uploads\/2021\/03\/DSC_8983-scaled.jpg\" data-attachment-id=\"1590\" class=\"fg-thumb\"><span class=\"fg-image-wrap\"><img decoding=\"async\" width=\"300\" height=\"200\" class=\"skip-lazy fg-image\" data-src-fg=\"https:\/\/muda.studio\/wp-content\/uploads\/cache\/2021\/03\/DSC_8983-scaled\/1367907339.jpg\" src=\"data:image\/svg+xml,%3Csvg%20xmlns%3D%22http%3A%2F%2Fwww.w3.org%2F2000%2Fsvg%22%20width%3D%22300%22%20height%3D%22200%22%20viewBox%3D%220%200%20300%20200%22%3E%3C%2Fsvg%3E\" loading=\"eager\"><\/span><span class=\"fg-image-overlay\"><\/span><\/a><figcaption class=\"fg-caption\"><div class=\"fg-caption-inner\"><\/div><\/figcaption><\/figure><div class=\"fg-loader\"><\/div><\/div><div class=\"fg-item fg-type-image fg-idle\"><figure class=\"fg-item-inner\"><a href=\"https:\/\/muda.studio\/wp-content\/uploads\/2021\/03\/DSC_8970-scaled.jpg\" data-attachment-id=\"1589\" class=\"fg-thumb\"><span class=\"fg-image-wrap\"><img decoding=\"async\" width=\"300\" height=\"449\" class=\"skip-lazy fg-image\" data-src-fg=\"https:\/\/muda.studio\/wp-content\/uploads\/cache\/2021\/03\/DSC_8970-scaled\/631702908.jpg\" src=\"data:image\/svg+xml,%3Csvg%20xmlns%3D%22http%3A%2F%2Fwww.w3.org%2F2000%2Fsvg%22%20width%3D%22300%22%20height%3D%22449%22%20viewBox%3D%220%200%20300%20449%22%3E%3C%2Fsvg%3E\" loading=\"eager\"><\/span><span class=\"fg-image-overlay\"><\/span><\/a><figcaption class=\"fg-caption\"><div class=\"fg-caption-inner\"><\/div><\/figcaption><\/figure><div class=\"fg-loader\"><\/div><\/div><div class=\"fg-item fg-type-image fg-idle\"><figure class=\"fg-item-inner\"><a href=\"https:\/\/muda.studio\/wp-content\/uploads\/2021\/03\/DSC_8968-scaled.jpg\" data-attachment-id=\"1588\" class=\"fg-thumb\"><span class=\"fg-image-wrap\"><img decoding=\"async\" width=\"300\" height=\"202\" class=\"skip-lazy fg-image\" data-src-fg=\"https:\/\/muda.studio\/wp-content\/uploads\/cache\/2021\/03\/DSC_8968-scaled\/1798847603.jpg\" src=\"data:image\/svg+xml,%3Csvg%20xmlns%3D%22http%3A%2F%2Fwww.w3.org%2F2000%2Fsvg%22%20width%3D%22300%22%20height%3D%22202%22%20viewBox%3D%220%200%20300%20202%22%3E%3C%2Fsvg%3E\" loading=\"eager\"><\/span><span class=\"fg-image-overlay\"><\/span><\/a><figcaption class=\"fg-caption\"><div class=\"fg-caption-inner\"><\/div><\/figcaption><\/figure><div class=\"fg-loader\"><\/div><\/div><\/div><\/div>\n<\/div>\n<\/div><\/div>\n","protected":false},"excerpt":{"rendered":"<p>Wi\u015bniowamieszkanie na poddaszu2018 projekt w ramach Mauve<\/p>\n","protected":false},"author":1,"featured_media":0,"parent":0,"menu_order":0,"comment_status":"closed","ping_status":"closed","template":"","meta":{"footnotes":""},"folder":[],"class_list":["post-1826","page","type-page","status-publish","hentry","entry"],"yoast_head":"<!-- This site is optimized with the Yoast SEO plugin v21.5 - https:\/\/yoast.com\/wordpress\/plugins\/seo\/ -->\n<title>projekt-wisniowa - muda.studio - projektowanie wn\u0119trz<\/title>\n<meta name=\"description\" content=\"Projekt wn\u0119trz i realizacja - Wi\u015bniowa, Wroc\u0142aw\" \/>\n<meta name=\"robots\" content=\"index, follow, max-snippet:-1, max-image-preview:large, max-video-preview:-1\" \/>\n<link rel=\"canonical\" href=\"https:\/\/muda.studio\/index.php\/projekt-wisniowa\/\" \/>\n<meta property=\"og:locale\" content=\"en_US\" \/>\n<meta property=\"og:type\" content=\"article\" \/>\n<meta property=\"og:title\" content=\"projekt-wisniowa - muda.studio - projektowanie wn\u0119trz\" \/>\n<meta property=\"og:description\" content=\"Projekt wn\u0119trz i realizacja - Wi\u015bniowa, Wroc\u0142aw\" \/>\n<meta property=\"og:url\" content=\"https:\/\/muda.studio\/index.php\/projekt-wisniowa\/\" \/>\n<meta property=\"og:site_name\" content=\"muda.studio - projektowanie wn\u0119trz\" \/>\n<meta property=\"article:modified_time\" content=\"2021-11-12T13:09:17+00:00\" \/>\n<meta name=\"twitter:card\" content=\"summary_large_image\" \/>\n<meta name=\"twitter:label1\" content=\"Est. reading time\" \/>\n\t<meta name=\"twitter:data1\" content=\"1 minute\" \/>\n<script type=\"application\/ld+json\" class=\"yoast-schema-graph\">{\"@context\":\"https:\/\/schema.org\",\"@graph\":[{\"@type\":\"WebPage\",\"@id\":\"https:\/\/muda.studio\/index.php\/projekt-wisniowa\/\",\"url\":\"https:\/\/muda.studio\/index.php\/projekt-wisniowa\/\",\"name\":\"projekt-wisniowa - muda.studio - projektowanie wn\u0119trz\",\"isPartOf\":{\"@id\":\"https:\/\/muda.studio\/#website\"},\"datePublished\":\"2021-03-30T19:00:57+00:00\",\"dateModified\":\"2021-11-12T13:09:17+00:00\",\"description\":\"Projekt wn\u0119trz i realizacja - Wi\u015bniowa, Wroc\u0142aw\",\"breadcrumb\":{\"@id\":\"https:\/\/muda.studio\/index.php\/projekt-wisniowa\/#breadcrumb\"},\"inLanguage\":\"en-US\",\"potentialAction\":[{\"@type\":\"ReadAction\",\"target\":[\"https:\/\/muda.studio\/index.php\/projekt-wisniowa\/\"]}]},{\"@type\":\"BreadcrumbList\",\"@id\":\"https:\/\/muda.studio\/index.php\/projekt-wisniowa\/#breadcrumb\",\"itemListElement\":[{\"@type\":\"ListItem\",\"position\":1,\"name\":\"Home\",\"item\":\"https:\/\/muda.studio\/\"},{\"@type\":\"ListItem\",\"position\":2,\"name\":\"projekt-wisniowa\"}]},{\"@type\":\"WebSite\",\"@id\":\"https:\/\/muda.studio\/#website\",\"url\":\"https:\/\/muda.studio\/\",\"name\":\"muda.studio - projektowanie wn\u0119trz\",\"description\":\"Projektowanie wn\u0119trz na terenie Wroc\u0142awia i nie tylko.\",\"publisher\":{\"@id\":\"https:\/\/muda.studio\/#organization\"},\"potentialAction\":[{\"@type\":\"SearchAction\",\"target\":{\"@type\":\"EntryPoint\",\"urlTemplate\":\"https:\/\/muda.studio\/?s={search_term_string}\"},\"query-input\":\"required name=search_term_string\"}],\"inLanguage\":\"en-US\"},{\"@type\":\"Organization\",\"@id\":\"https:\/\/muda.studio\/#organization\",\"name\":\"muda.studio - projektowanie wn\u0119trz\",\"url\":\"https:\/\/muda.studio\/\",\"logo\":{\"@type\":\"ImageObject\",\"inLanguage\":\"en-US\",\"@id\":\"https:\/\/muda.studio\/#\/schema\/logo\/image\/\",\"url\":\"https:\/\/muda.studio\/wp-content\/uploads\/2021\/02\/cropped-muda_logo_0033cc.png\",\"contentUrl\":\"https:\/\/muda.studio\/wp-content\/uploads\/2021\/02\/cropped-muda_logo_0033cc.png\",\"width\":1919,\"height\":526,\"caption\":\"muda.studio - projektowanie wn\u0119trz\"},\"image\":{\"@id\":\"https:\/\/muda.studio\/#\/schema\/logo\/image\/\"}}]}<\/script>\n<!-- \/ Yoast SEO plugin. -->","yoast_head_json":{"title":"projekt-wisniowa - muda.studio - projektowanie wn\u0119trz","description":"Projekt wn\u0119trz i realizacja - Wi\u015bniowa, Wroc\u0142aw","robots":{"index":"index","follow":"follow","max-snippet":"max-snippet:-1","max-image-preview":"max-image-preview:large","max-video-preview":"max-video-preview:-1"},"canonical":"https:\/\/muda.studio\/index.php\/projekt-wisniowa\/","og_locale":"en_US","og_type":"article","og_title":"projekt-wisniowa - muda.studio - projektowanie wn\u0119trz","og_description":"Projekt wn\u0119trz i realizacja - Wi\u015bniowa, Wroc\u0142aw","og_url":"https:\/\/muda.studio\/index.php\/projekt-wisniowa\/","og_site_name":"muda.studio - projektowanie wn\u0119trz","article_modified_time":"2021-11-12T13:09:17+00:00","twitter_card":"summary_large_image","twitter_misc":{"Est. reading time":"1 minute"},"schema":{"@context":"https:\/\/schema.org","@graph":[{"@type":"WebPage","@id":"https:\/\/muda.studio\/index.php\/projekt-wisniowa\/","url":"https:\/\/muda.studio\/index.php\/projekt-wisniowa\/","name":"projekt-wisniowa - muda.studio - projektowanie wn\u0119trz","isPartOf":{"@id":"https:\/\/muda.studio\/#website"},"datePublished":"2021-03-30T19:00:57+00:00","dateModified":"2021-11-12T13:09:17+00:00","description":"Projekt wn\u0119trz i realizacja - Wi\u015bniowa, Wroc\u0142aw","breadcrumb":{"@id":"https:\/\/muda.studio\/index.php\/projekt-wisniowa\/#breadcrumb"},"inLanguage":"en-US","potentialAction":[{"@type":"ReadAction","target":["https:\/\/muda.studio\/index.php\/projekt-wisniowa\/"]}]},{"@type":"BreadcrumbList","@id":"https:\/\/muda.studio\/index.php\/projekt-wisniowa\/#breadcrumb","itemListElement":[{"@type":"ListItem","position":1,"name":"Home","item":"https:\/\/muda.studio\/"},{"@type":"ListItem","position":2,"name":"projekt-wisniowa"}]},{"@type":"WebSite","@id":"https:\/\/muda.studio\/#website","url":"https:\/\/muda.studio\/","name":"muda.studio - projektowanie wn\u0119trz","description":"Projektowanie wn\u0119trz na terenie Wroc\u0142awia i nie tylko.","publisher":{"@id":"https:\/\/muda.studio\/#organization"},"potentialAction":[{"@type":"SearchAction","target":{"@type":"EntryPoint","urlTemplate":"https:\/\/muda.studio\/?s={search_term_string}"},"query-input":"required name=search_term_string"}],"inLanguage":"en-US"},{"@type":"Organization","@id":"https:\/\/muda.studio\/#organization","name":"muda.studio - projektowanie wn\u0119trz","url":"https:\/\/muda.studio\/","logo":{"@type":"ImageObject","inLanguage":"en-US","@id":"https:\/\/muda.studio\/#\/schema\/logo\/image\/","url":"https:\/\/muda.studio\/wp-content\/uploads\/2021\/02\/cropped-muda_logo_0033cc.png","contentUrl":"https:\/\/muda.studio\/wp-content\/uploads\/2021\/02\/cropped-muda_logo_0033cc.png","width":1919,"height":526,"caption":"muda.studio - projektowanie wn\u0119trz"},"image":{"@id":"https:\/\/muda.studio\/#\/schema\/logo\/image\/"}}]}},"_links":{"self":[{"href":"https:\/\/muda.studio\/index.php\/wp-json\/wp\/v2\/pages\/1826","targetHints":{"allow":["GET"]}}],"collection":[{"href":"https:\/\/muda.studio\/index.php\/wp-json\/wp\/v2\/pages"}],"about":[{"href":"https:\/\/muda.studio\/index.php\/wp-json\/wp\/v2\/types\/page"}],"author":[{"embeddable":true,"href":"https:\/\/muda.studio\/index.php\/wp-json\/wp\/v2\/users\/1"}],"replies":[{"embeddable":true,"href":"https:\/\/muda.studio\/index.php\/wp-json\/wp\/v2\/comments?post=1826"}],"version-history":[{"count":7,"href":"https:\/\/muda.studio\/index.php\/wp-json\/wp\/v2\/pages\/1826\/revisions"}],"predecessor-version":[{"id":2028,"href":"https:\/\/muda.studio\/index.php\/wp-json\/wp\/v2\/pages\/1826\/revisions\/2028"}],"wp:attachment":[{"href":"https:\/\/muda.studio\/index.php\/wp-json\/wp\/v2\/media?parent=1826"}],"wp:term":[{"taxonomy":"folder","embeddable":true,"href":"https:\/\/muda.studio\/index.php\/wp-json\/wp\/v2\/folder?post=1826"}],"curies":[{"name":"wp","href":"https:\/\/api.w.org\/{rel}","templated":true}]}}