{"id":1823,"date":"2021-03-30T21:00:28","date_gmt":"2021-03-30T19:00:28","guid":{"rendered":"http:\/\/muda.studio\/?page_id=1823"},"modified":"2021-11-12T14:09:06","modified_gmt":"2021-11-12T13:09:06","slug":"projekt-roslinna","status":"publish","type":"page","link":"https:\/\/muda.studio\/index.php\/projekt-roslinna\/","title":{"rendered":"projekt-roslinna"},"content":{"rendered":"\n<div class=\"wp-block-group\"><div class=\"wp-block-group__inner-container is-layout-flow wp-block-group-is-layout-flow\">\n<div style=\"height:60px\" aria-hidden=\"true\" class=\"wp-block-spacer\"><\/div>\n\n\n\n<div class=\"wp-block-columns is-layout-flex wp-container-core-columns-is-layout-9d6595d7 wp-block-columns-is-layout-flex\">\n<div class=\"wp-block-column is-layout-flow wp-block-column-is-layout-flow\" style=\"flex-basis:25%\">\n<p><strong>Ro\u015blinna<\/strong><br>mieszkanie z antresol\u0105<br>2019<\/p>\n\n\n\n<p class=\"has-small-font-size\">projekt w ramach Mauve<\/p>\n<\/div>\n\n\n\n<div class=\"wp-block-column is-layout-flow wp-block-column-is-layout-flow\" style=\"flex-basis:75%\"><div class=\"foogallery foogallery-container foogallery-masonry foogallery-lightbox-foobox fg-center fg-masonry fg-light fg-loading-default fg-loaded-fade-in fg-captions-bottom fg-hover-fade fg-hover-plus fg-ready fg-col2\" id=\"foogallery-gallery-1809\" data-foogallery=\"{&quot;item&quot;:{&quot;showCaptionTitle&quot;:false,&quot;showCaptionDescription&quot;:false},&quot;lazy&quot;:true}\" >\r\n\t\t<div class=\"fg-column-width\"><\/div>\r\n\t<div class=\"fg-gutter-width\"><\/div>\r\n\t\t<div class=\"fg-item fg-type-image fg-idle\"><figure class=\"fg-item-inner\"><a href=\"https:\/\/muda.studio\/wp-content\/uploads\/2021\/03\/1-2-scaled.jpg\" data-attachment-id=\"1563\" class=\"fg-thumb\"><span class=\"fg-image-wrap\"><img fetchpriority=\"high\" decoding=\"async\" width=\"300\" height=\"200\" class=\"skip-lazy fg-image\" data-src-fg=\"https:\/\/muda.studio\/wp-content\/uploads\/cache\/2021\/03\/1-2-scaled\/-1737612159.jpg\" src=\"data:image\/svg+xml,%3Csvg%20xmlns%3D%22http%3A%2F%2Fwww.w3.org%2F2000%2Fsvg%22%20width%3D%22300%22%20height%3D%22200%22%20viewBox%3D%220%200%20300%20200%22%3E%3C%2Fsvg%3E\" loading=\"eager\"><\/span><span class=\"fg-image-overlay\"><\/span><\/a><\/figure><div class=\"fg-loader\"><\/div><\/div><div class=\"fg-item fg-type-image fg-idle\"><figure class=\"fg-item-inner\"><a href=\"https:\/\/muda.studio\/wp-content\/uploads\/2021\/03\/4-2-scaled.jpg\" data-attachment-id=\"1566\" class=\"fg-thumb\"><span class=\"fg-image-wrap\"><img decoding=\"async\" width=\"300\" height=\"449\" class=\"skip-lazy fg-image\" data-src-fg=\"https:\/\/muda.studio\/wp-content\/uploads\/cache\/2021\/03\/4-2-scaled\/572304769.jpg\" src=\"data:image\/svg+xml,%3Csvg%20xmlns%3D%22http%3A%2F%2Fwww.w3.org%2F2000%2Fsvg%22%20width%3D%22300%22%20height%3D%22449%22%20viewBox%3D%220%200%20300%20449%22%3E%3C%2Fsvg%3E\" loading=\"eager\"><\/span><span class=\"fg-image-overlay\"><\/span><\/a><\/figure><div class=\"fg-loader\"><\/div><\/div><div class=\"fg-item fg-type-image fg-idle\"><figure class=\"fg-item-inner\"><a href=\"https:\/\/muda.studio\/wp-content\/uploads\/2021\/03\/3-2-scaled.jpg\" data-attachment-id=\"1565\" class=\"fg-thumb\"><span class=\"fg-image-wrap\"><img decoding=\"async\" width=\"300\" height=\"169\" class=\"skip-lazy fg-image\" data-src-fg=\"https:\/\/muda.studio\/wp-content\/uploads\/cache\/2021\/03\/3-2-scaled\/952438094.jpg\" src=\"data:image\/svg+xml,%3Csvg%20xmlns%3D%22http%3A%2F%2Fwww.w3.org%2F2000%2Fsvg%22%20width%3D%22300%22%20height%3D%22169%22%20viewBox%3D%220%200%20300%20169%22%3E%3C%2Fsvg%3E\" loading=\"eager\"><\/span><span class=\"fg-image-overlay\"><\/span><\/a><\/figure><div class=\"fg-loader\"><\/div><\/div><div class=\"fg-item fg-type-image fg-idle\"><figure class=\"fg-item-inner\"><a href=\"https:\/\/muda.studio\/wp-content\/uploads\/2021\/03\/5-1-scaled.jpg\" data-attachment-id=\"1567\" class=\"fg-thumb\"><span class=\"fg-image-wrap\"><img decoding=\"async\" width=\"300\" height=\"449\" class=\"skip-lazy fg-image\" data-src-fg=\"https:\/\/muda.studio\/wp-content\/uploads\/cache\/2021\/03\/5-1-scaled\/338606840.jpg\" src=\"data:image\/svg+xml,%3Csvg%20xmlns%3D%22http%3A%2F%2Fwww.w3.org%2F2000%2Fsvg%22%20width%3D%22300%22%20height%3D%22449%22%20viewBox%3D%220%200%20300%20449%22%3E%3C%2Fsvg%3E\" loading=\"eager\"><\/span><span class=\"fg-image-overlay\"><\/span><\/a><\/figure><div class=\"fg-loader\"><\/div><\/div><div class=\"fg-item fg-type-image fg-idle\"><figure class=\"fg-item-inner\"><a href=\"https:\/\/muda.studio\/wp-content\/uploads\/2021\/03\/2-2-scaled.jpg\" data-attachment-id=\"1564\" class=\"fg-thumb\"><span class=\"fg-image-wrap\"><img decoding=\"async\" width=\"300\" height=\"200\" class=\"skip-lazy fg-image\" data-src-fg=\"https:\/\/muda.studio\/wp-content\/uploads\/cache\/2021\/03\/2-2-scaled\/529166414.jpg\" src=\"data:image\/svg+xml,%3Csvg%20xmlns%3D%22http%3A%2F%2Fwww.w3.org%2F2000%2Fsvg%22%20width%3D%22300%22%20height%3D%22200%22%20viewBox%3D%220%200%20300%20200%22%3E%3C%2Fsvg%3E\" loading=\"eager\"><\/span><span class=\"fg-image-overlay\"><\/span><\/a><\/figure><div class=\"fg-loader\"><\/div><\/div><div class=\"fg-item fg-type-image fg-idle\"><figure class=\"fg-item-inner\"><a href=\"https:\/\/muda.studio\/wp-content\/uploads\/2021\/03\/6-1-scaled.jpg\" data-attachment-id=\"1568\" class=\"fg-thumb\"><span class=\"fg-image-wrap\"><img decoding=\"async\" width=\"300\" height=\"169\" class=\"skip-lazy fg-image\" data-src-fg=\"https:\/\/muda.studio\/wp-content\/uploads\/cache\/2021\/03\/6-1-scaled\/-1798287384.jpg\" src=\"data:image\/svg+xml,%3Csvg%20xmlns%3D%22http%3A%2F%2Fwww.w3.org%2F2000%2Fsvg%22%20width%3D%22300%22%20height%3D%22169%22%20viewBox%3D%220%200%20300%20169%22%3E%3C%2Fsvg%3E\" loading=\"eager\"><\/span><span class=\"fg-image-overlay\"><\/span><\/a><\/figure><div class=\"fg-loader\"><\/div><\/div><div class=\"fg-item fg-type-image fg-idle\"><figure class=\"fg-item-inner\"><a href=\"https:\/\/muda.studio\/wp-content\/uploads\/2021\/03\/8-1-scaled.jpg\" data-attachment-id=\"1570\" class=\"fg-thumb\"><span class=\"fg-image-wrap\"><img decoding=\"async\" width=\"300\" height=\"200\" class=\"skip-lazy fg-image\" data-src-fg=\"https:\/\/muda.studio\/wp-content\/uploads\/cache\/2021\/03\/8-1-scaled\/1033629501.jpg\" src=\"data:image\/svg+xml,%3Csvg%20xmlns%3D%22http%3A%2F%2Fwww.w3.org%2F2000%2Fsvg%22%20width%3D%22300%22%20height%3D%22200%22%20viewBox%3D%220%200%20300%20200%22%3E%3C%2Fsvg%3E\" loading=\"eager\"><\/span><span class=\"fg-image-overlay\"><\/span><\/a><\/figure><div class=\"fg-loader\"><\/div><\/div><div class=\"fg-item fg-type-image fg-idle\"><figure class=\"fg-item-inner\"><a href=\"https:\/\/muda.studio\/wp-content\/uploads\/2021\/03\/7-1-scaled.jpg\" data-attachment-id=\"1569\" class=\"fg-thumb\"><span class=\"fg-image-wrap\"><img decoding=\"async\" width=\"300\" height=\"200\" class=\"skip-lazy fg-image\" data-src-fg=\"https:\/\/muda.studio\/wp-content\/uploads\/cache\/2021\/03\/7-1-scaled\/-1281412376.jpg\" src=\"data:image\/svg+xml,%3Csvg%20xmlns%3D%22http%3A%2F%2Fwww.w3.org%2F2000%2Fsvg%22%20width%3D%22300%22%20height%3D%22200%22%20viewBox%3D%220%200%20300%20200%22%3E%3C%2Fsvg%3E\" loading=\"eager\"><\/span><span class=\"fg-image-overlay\"><\/span><\/a><\/figure><div class=\"fg-loader\"><\/div><\/div><div class=\"fg-item fg-type-image fg-idle\"><figure class=\"fg-item-inner\"><a href=\"https:\/\/muda.studio\/wp-content\/uploads\/2021\/03\/22-scaled.jpg\" data-attachment-id=\"1584\" class=\"fg-thumb\"><span class=\"fg-image-wrap\"><img decoding=\"async\" width=\"300\" height=\"449\" class=\"skip-lazy fg-image\" data-src-fg=\"https:\/\/muda.studio\/wp-content\/uploads\/cache\/2021\/03\/22-scaled\/1354785749.jpg\" src=\"data:image\/svg+xml,%3Csvg%20xmlns%3D%22http%3A%2F%2Fwww.w3.org%2F2000%2Fsvg%22%20width%3D%22300%22%20height%3D%22449%22%20viewBox%3D%220%200%20300%20449%22%3E%3C%2Fsvg%3E\" loading=\"eager\"><\/span><span class=\"fg-image-overlay\"><\/span><\/a><\/figure><div class=\"fg-loader\"><\/div><\/div><div class=\"fg-item fg-type-image fg-idle\"><figure class=\"fg-item-inner\"><a href=\"https:\/\/muda.studio\/wp-content\/uploads\/2021\/03\/23-scaled.jpg\" data-attachment-id=\"1585\" class=\"fg-thumb\"><span class=\"fg-image-wrap\"><img decoding=\"async\" width=\"300\" height=\"200\" class=\"skip-lazy fg-image\" data-src-fg=\"https:\/\/muda.studio\/wp-content\/uploads\/cache\/2021\/03\/23-scaled\/175080413.jpg\" src=\"data:image\/svg+xml,%3Csvg%20xmlns%3D%22http%3A%2F%2Fwww.w3.org%2F2000%2Fsvg%22%20width%3D%22300%22%20height%3D%22200%22%20viewBox%3D%220%200%20300%20200%22%3E%3C%2Fsvg%3E\" loading=\"eager\"><\/span><span class=\"fg-image-overlay\"><\/span><\/a><\/figure><div class=\"fg-loader\"><\/div><\/div><div class=\"fg-item fg-type-image fg-idle\"><figure class=\"fg-item-inner\"><a href=\"https:\/\/muda.studio\/wp-content\/uploads\/2021\/03\/20-1-scaled.jpg\" data-attachment-id=\"1582\" class=\"fg-thumb\"><span class=\"fg-image-wrap\"><img decoding=\"async\" width=\"300\" height=\"449\" class=\"skip-lazy fg-image\" data-src-fg=\"https:\/\/muda.studio\/wp-content\/uploads\/cache\/2021\/03\/20-1-scaled\/10156555.jpg\" src=\"data:image\/svg+xml,%3Csvg%20xmlns%3D%22http%3A%2F%2Fwww.w3.org%2F2000%2Fsvg%22%20width%3D%22300%22%20height%3D%22449%22%20viewBox%3D%220%200%20300%20449%22%3E%3C%2Fsvg%3E\" loading=\"eager\"><\/span><span class=\"fg-image-overlay\"><\/span><\/a><\/figure><div class=\"fg-loader\"><\/div><\/div><div class=\"fg-item fg-type-image fg-idle\"><figure class=\"fg-item-inner\"><a href=\"https:\/\/muda.studio\/wp-content\/uploads\/2021\/03\/14-2-scaled.jpg\" data-attachment-id=\"1576\" class=\"fg-thumb\"><span class=\"fg-image-wrap\"><img decoding=\"async\" width=\"300\" height=\"200\" class=\"skip-lazy fg-image\" data-src-fg=\"https:\/\/muda.studio\/wp-content\/uploads\/cache\/2021\/03\/14-2-scaled\/-1491103048.jpg\" src=\"data:image\/svg+xml,%3Csvg%20xmlns%3D%22http%3A%2F%2Fwww.w3.org%2F2000%2Fsvg%22%20width%3D%22300%22%20height%3D%22200%22%20viewBox%3D%220%200%20300%20200%22%3E%3C%2Fsvg%3E\" loading=\"eager\"><\/span><span class=\"fg-image-overlay\"><\/span><\/a><\/figure><div class=\"fg-loader\"><\/div><\/div><div class=\"fg-item fg-type-image fg-idle\"><figure class=\"fg-item-inner\"><a href=\"https:\/\/muda.studio\/wp-content\/uploads\/2021\/03\/19-scaled.jpg\" data-attachment-id=\"1581\" class=\"fg-thumb\"><span class=\"fg-image-wrap\"><img decoding=\"async\" width=\"300\" height=\"200\" class=\"skip-lazy fg-image\" data-src-fg=\"https:\/\/muda.studio\/wp-content\/uploads\/cache\/2021\/03\/19-scaled\/2132453691.jpg\" src=\"data:image\/svg+xml,%3Csvg%20xmlns%3D%22http%3A%2F%2Fwww.w3.org%2F2000%2Fsvg%22%20width%3D%22300%22%20height%3D%22200%22%20viewBox%3D%220%200%20300%20200%22%3E%3C%2Fsvg%3E\" loading=\"eager\"><\/span><span class=\"fg-image-overlay\"><\/span><\/a><\/figure><div class=\"fg-loader\"><\/div><\/div><div class=\"fg-item fg-type-image fg-idle\"><figure class=\"fg-item-inner\"><a href=\"https:\/\/muda.studio\/wp-content\/uploads\/2021\/03\/18-1-scaled.jpg\" data-attachment-id=\"1580\" class=\"fg-thumb\"><span class=\"fg-image-wrap\"><img decoding=\"async\" width=\"300\" height=\"200\" class=\"skip-lazy fg-image\" data-src-fg=\"https:\/\/muda.studio\/wp-content\/uploads\/cache\/2021\/03\/18-1-scaled\/160865678.jpg\" src=\"data:image\/svg+xml,%3Csvg%20xmlns%3D%22http%3A%2F%2Fwww.w3.org%2F2000%2Fsvg%22%20width%3D%22300%22%20height%3D%22200%22%20viewBox%3D%220%200%20300%20200%22%3E%3C%2Fsvg%3E\" loading=\"eager\"><\/span><span class=\"fg-image-overlay\"><\/span><\/a><\/figure><div class=\"fg-loader\"><\/div><\/div><div class=\"fg-item fg-type-image fg-idle\"><figure class=\"fg-item-inner\"><a href=\"https:\/\/muda.studio\/wp-content\/uploads\/2021\/03\/15-1-scaled.jpg\" data-attachment-id=\"1577\" class=\"fg-thumb\"><span class=\"fg-image-wrap\"><img decoding=\"async\" width=\"300\" height=\"200\" class=\"skip-lazy fg-image\" data-src-fg=\"https:\/\/muda.studio\/wp-content\/uploads\/cache\/2021\/03\/15-1-scaled\/-558773730.jpg\" src=\"data:image\/svg+xml,%3Csvg%20xmlns%3D%22http%3A%2F%2Fwww.w3.org%2F2000%2Fsvg%22%20width%3D%22300%22%20height%3D%22200%22%20viewBox%3D%220%200%20300%20200%22%3E%3C%2Fsvg%3E\" loading=\"eager\"><\/span><span class=\"fg-image-overlay\"><\/span><\/a><\/figure><div class=\"fg-loader\"><\/div><\/div><div class=\"fg-item fg-type-image fg-idle\"><figure class=\"fg-item-inner\"><a href=\"https:\/\/muda.studio\/wp-content\/uploads\/2021\/03\/17-2-scaled.jpg\" data-attachment-id=\"1579\" class=\"fg-thumb\"><span class=\"fg-image-wrap\"><img decoding=\"async\" width=\"300\" height=\"200\" class=\"skip-lazy fg-image\" data-src-fg=\"https:\/\/muda.studio\/wp-content\/uploads\/cache\/2021\/03\/17-2-scaled\/53803727.jpg\" src=\"data:image\/svg+xml,%3Csvg%20xmlns%3D%22http%3A%2F%2Fwww.w3.org%2F2000%2Fsvg%22%20width%3D%22300%22%20height%3D%22200%22%20viewBox%3D%220%200%20300%20200%22%3E%3C%2Fsvg%3E\" loading=\"eager\"><\/span><span class=\"fg-image-overlay\"><\/span><\/a><\/figure><div class=\"fg-loader\"><\/div><\/div><div class=\"fg-item fg-type-image fg-idle\"><figure class=\"fg-item-inner\"><a href=\"https:\/\/muda.studio\/wp-content\/uploads\/2021\/03\/16-scaled.jpg\" data-attachment-id=\"1578\" class=\"fg-thumb\"><span class=\"fg-image-wrap\"><img decoding=\"async\" width=\"300\" height=\"200\" class=\"skip-lazy fg-image\" data-src-fg=\"https:\/\/muda.studio\/wp-content\/uploads\/cache\/2021\/03\/16-scaled\/1824995798.jpg\" src=\"data:image\/svg+xml,%3Csvg%20xmlns%3D%22http%3A%2F%2Fwww.w3.org%2F2000%2Fsvg%22%20width%3D%22300%22%20height%3D%22200%22%20viewBox%3D%220%200%20300%20200%22%3E%3C%2Fsvg%3E\" loading=\"eager\"><\/span><span class=\"fg-image-overlay\"><\/span><\/a><\/figure><div class=\"fg-loader\"><\/div><\/div><div class=\"fg-item fg-type-image fg-idle\"><figure class=\"fg-item-inner\"><a href=\"https:\/\/muda.studio\/wp-content\/uploads\/2021\/03\/21-1-scaled.jpg\" data-attachment-id=\"1583\" class=\"fg-thumb\"><span class=\"fg-image-wrap\"><img decoding=\"async\" width=\"300\" height=\"200\" class=\"skip-lazy fg-image\" data-src-fg=\"https:\/\/muda.studio\/wp-content\/uploads\/cache\/2021\/03\/21-1-scaled\/1749666004.jpg\" src=\"data:image\/svg+xml,%3Csvg%20xmlns%3D%22http%3A%2F%2Fwww.w3.org%2F2000%2Fsvg%22%20width%3D%22300%22%20height%3D%22200%22%20viewBox%3D%220%200%20300%20200%22%3E%3C%2Fsvg%3E\" loading=\"eager\"><\/span><span class=\"fg-image-overlay\"><\/span><\/a><\/figure><div class=\"fg-loader\"><\/div><\/div><div class=\"fg-item fg-type-image fg-idle\"><figure class=\"fg-item-inner\"><a href=\"https:\/\/muda.studio\/wp-content\/uploads\/2021\/03\/9-1-scaled.jpg\" data-attachment-id=\"1571\" class=\"fg-thumb\"><span class=\"fg-image-wrap\"><img decoding=\"async\" width=\"300\" height=\"200\" class=\"skip-lazy fg-image\" data-src-fg=\"https:\/\/muda.studio\/wp-content\/uploads\/cache\/2021\/03\/9-1-scaled\/450138685.jpg\" src=\"data:image\/svg+xml,%3Csvg%20xmlns%3D%22http%3A%2F%2Fwww.w3.org%2F2000%2Fsvg%22%20width%3D%22300%22%20height%3D%22200%22%20viewBox%3D%220%200%20300%20200%22%3E%3C%2Fsvg%3E\" loading=\"eager\"><\/span><span class=\"fg-image-overlay\"><\/span><\/a><\/figure><div class=\"fg-loader\"><\/div><\/div><div class=\"fg-item fg-type-image fg-idle\"><figure class=\"fg-item-inner\"><a href=\"https:\/\/muda.studio\/wp-content\/uploads\/2021\/03\/10-1-scaled.jpg\" data-attachment-id=\"1572\" class=\"fg-thumb\"><span class=\"fg-image-wrap\"><img decoding=\"async\" width=\"300\" height=\"169\" class=\"skip-lazy fg-image\" data-src-fg=\"https:\/\/muda.studio\/wp-content\/uploads\/cache\/2021\/03\/10-1-scaled\/-832621060.jpg\" src=\"data:image\/svg+xml,%3Csvg%20xmlns%3D%22http%3A%2F%2Fwww.w3.org%2F2000%2Fsvg%22%20width%3D%22300%22%20height%3D%22169%22%20viewBox%3D%220%200%20300%20169%22%3E%3C%2Fsvg%3E\" loading=\"eager\"><\/span><span class=\"fg-image-overlay\"><\/span><\/a><\/figure><div class=\"fg-loader\"><\/div><\/div><div class=\"fg-item fg-type-image fg-idle\"><figure class=\"fg-item-inner\"><a href=\"https:\/\/muda.studio\/wp-content\/uploads\/2021\/03\/12-scaled.jpg\" data-attachment-id=\"1574\" class=\"fg-thumb\"><span class=\"fg-image-wrap\"><img decoding=\"async\" width=\"300\" height=\"169\" class=\"skip-lazy fg-image\" data-src-fg=\"https:\/\/muda.studio\/wp-content\/uploads\/cache\/2021\/03\/12-scaled\/-1435731533.jpg\" src=\"data:image\/svg+xml,%3Csvg%20xmlns%3D%22http%3A%2F%2Fwww.w3.org%2F2000%2Fsvg%22%20width%3D%22300%22%20height%3D%22169%22%20viewBox%3D%220%200%20300%20169%22%3E%3C%2Fsvg%3E\" loading=\"eager\"><\/span><span class=\"fg-image-overlay\"><\/span><\/a><\/figure><div class=\"fg-loader\"><\/div><\/div><div class=\"fg-item fg-type-image fg-idle\"><figure class=\"fg-item-inner\"><a href=\"https:\/\/muda.studio\/wp-content\/uploads\/2021\/03\/13-scaled.jpg\" data-attachment-id=\"1575\" class=\"fg-thumb\"><span class=\"fg-image-wrap\"><img decoding=\"async\" width=\"300\" height=\"200\" class=\"skip-lazy fg-image\" data-src-fg=\"https:\/\/muda.studio\/wp-content\/uploads\/cache\/2021\/03\/13-scaled\/-255616581.jpg\" src=\"data:image\/svg+xml,%3Csvg%20xmlns%3D%22http%3A%2F%2Fwww.w3.org%2F2000%2Fsvg%22%20width%3D%22300%22%20height%3D%22200%22%20viewBox%3D%220%200%20300%20200%22%3E%3C%2Fsvg%3E\" loading=\"eager\"><\/span><span class=\"fg-image-overlay\"><\/span><\/a><\/figure><div class=\"fg-loader\"><\/div><\/div><div class=\"fg-item fg-type-image fg-idle\"><figure class=\"fg-item-inner\"><a href=\"https:\/\/muda.studio\/wp-content\/uploads\/2021\/03\/24-1-scaled.jpg\" data-attachment-id=\"1586\" class=\"fg-thumb\"><span class=\"fg-image-wrap\"><img decoding=\"async\" width=\"300\" height=\"169\" class=\"skip-lazy fg-image\" data-src-fg=\"https:\/\/muda.studio\/wp-content\/uploads\/cache\/2021\/03\/24-1-scaled\/2024224566.jpg\" src=\"data:image\/svg+xml,%3Csvg%20xmlns%3D%22http%3A%2F%2Fwww.w3.org%2F2000%2Fsvg%22%20width%3D%22300%22%20height%3D%22169%22%20viewBox%3D%220%200%20300%20169%22%3E%3C%2Fsvg%3E\" loading=\"eager\"><\/span><span class=\"fg-image-overlay\"><\/span><\/a><\/figure><div class=\"fg-loader\"><\/div><\/div><div class=\"fg-item fg-type-image fg-idle\"><figure class=\"fg-item-inner\"><a href=\"https:\/\/muda.studio\/wp-content\/uploads\/2021\/03\/11-1-scaled.jpg\" data-attachment-id=\"1573\" class=\"fg-thumb\"><span class=\"fg-image-wrap\"><img decoding=\"async\" width=\"300\" height=\"200\" class=\"skip-lazy fg-image\" data-src-fg=\"https:\/\/muda.studio\/wp-content\/uploads\/cache\/2021\/03\/11-1-scaled\/-1500772573.jpg\" src=\"data:image\/svg+xml,%3Csvg%20xmlns%3D%22http%3A%2F%2Fwww.w3.org%2F2000%2Fsvg%22%20width%3D%22300%22%20height%3D%22200%22%20viewBox%3D%220%200%20300%20200%22%3E%3C%2Fsvg%3E\" loading=\"eager\"><\/span><span class=\"fg-image-overlay\"><\/span><\/a><\/figure><div class=\"fg-loader\"><\/div><\/div><\/div><\/div>\n<\/div>\n<\/div><\/div>\n","protected":false},"excerpt":{"rendered":"<p>Ro\u015blinnamieszkanie z antresol\u01052019 projekt w ramach Mauve<\/p>\n","protected":false},"author":1,"featured_media":0,"parent":0,"menu_order":0,"comment_status":"closed","ping_status":"closed","template":"","meta":{"footnotes":""},"folder":[],"class_list":["post-1823","page","type-page","status-publish","hentry","entry"],"yoast_head":"<!-- This site is optimized with the Yoast SEO plugin v21.5 - https:\/\/yoast.com\/wordpress\/plugins\/seo\/ -->\n<title>projekt-roslinna - muda.studio - projektowanie wn\u0119trz<\/title>\n<meta name=\"description\" content=\"Projekt wn\u0119trz i realizacja - Ro\u015blinna, Wroc\u0142aw\" \/>\n<meta name=\"robots\" content=\"index, follow, max-snippet:-1, max-image-preview:large, max-video-preview:-1\" \/>\n<link rel=\"canonical\" href=\"https:\/\/muda.studio\/index.php\/projekt-roslinna\/\" \/>\n<meta property=\"og:locale\" content=\"en_US\" \/>\n<meta property=\"og:type\" content=\"article\" \/>\n<meta property=\"og:title\" content=\"projekt-roslinna - muda.studio - projektowanie wn\u0119trz\" \/>\n<meta property=\"og:description\" content=\"Projekt wn\u0119trz i realizacja - Ro\u015blinna, Wroc\u0142aw\" \/>\n<meta property=\"og:url\" content=\"https:\/\/muda.studio\/index.php\/projekt-roslinna\/\" \/>\n<meta property=\"og:site_name\" content=\"muda.studio - projektowanie wn\u0119trz\" \/>\n<meta property=\"article:modified_time\" content=\"2021-11-12T13:09:06+00:00\" \/>\n<meta name=\"twitter:card\" content=\"summary_large_image\" \/>\n<meta name=\"twitter:label1\" content=\"Est. reading time\" \/>\n\t<meta name=\"twitter:data1\" content=\"1 minute\" \/>\n<script type=\"application\/ld+json\" class=\"yoast-schema-graph\">{\"@context\":\"https:\/\/schema.org\",\"@graph\":[{\"@type\":\"WebPage\",\"@id\":\"https:\/\/muda.studio\/index.php\/projekt-roslinna\/\",\"url\":\"https:\/\/muda.studio\/index.php\/projekt-roslinna\/\",\"name\":\"projekt-roslinna - muda.studio - projektowanie wn\u0119trz\",\"isPartOf\":{\"@id\":\"https:\/\/muda.studio\/#website\"},\"datePublished\":\"2021-03-30T19:00:28+00:00\",\"dateModified\":\"2021-11-12T13:09:06+00:00\",\"description\":\"Projekt wn\u0119trz i realizacja - Ro\u015blinna, Wroc\u0142aw\",\"breadcrumb\":{\"@id\":\"https:\/\/muda.studio\/index.php\/projekt-roslinna\/#breadcrumb\"},\"inLanguage\":\"en-US\",\"potentialAction\":[{\"@type\":\"ReadAction\",\"target\":[\"https:\/\/muda.studio\/index.php\/projekt-roslinna\/\"]}]},{\"@type\":\"BreadcrumbList\",\"@id\":\"https:\/\/muda.studio\/index.php\/projekt-roslinna\/#breadcrumb\",\"itemListElement\":[{\"@type\":\"ListItem\",\"position\":1,\"name\":\"Home\",\"item\":\"https:\/\/muda.studio\/\"},{\"@type\":\"ListItem\",\"position\":2,\"name\":\"projekt-roslinna\"}]},{\"@type\":\"WebSite\",\"@id\":\"https:\/\/muda.studio\/#website\",\"url\":\"https:\/\/muda.studio\/\",\"name\":\"muda.studio - projektowanie wn\u0119trz\",\"description\":\"Projektowanie wn\u0119trz na terenie Wroc\u0142awia i nie tylko.\",\"publisher\":{\"@id\":\"https:\/\/muda.studio\/#organization\"},\"potentialAction\":[{\"@type\":\"SearchAction\",\"target\":{\"@type\":\"EntryPoint\",\"urlTemplate\":\"https:\/\/muda.studio\/?s={search_term_string}\"},\"query-input\":\"required name=search_term_string\"}],\"inLanguage\":\"en-US\"},{\"@type\":\"Organization\",\"@id\":\"https:\/\/muda.studio\/#organization\",\"name\":\"muda.studio - projektowanie wn\u0119trz\",\"url\":\"https:\/\/muda.studio\/\",\"logo\":{\"@type\":\"ImageObject\",\"inLanguage\":\"en-US\",\"@id\":\"https:\/\/muda.studio\/#\/schema\/logo\/image\/\",\"url\":\"https:\/\/muda.studio\/wp-content\/uploads\/2021\/02\/cropped-muda_logo_0033cc.png\",\"contentUrl\":\"https:\/\/muda.studio\/wp-content\/uploads\/2021\/02\/cropped-muda_logo_0033cc.png\",\"width\":1919,\"height\":526,\"caption\":\"muda.studio - projektowanie wn\u0119trz\"},\"image\":{\"@id\":\"https:\/\/muda.studio\/#\/schema\/logo\/image\/\"}}]}<\/script>\n<!-- \/ Yoast SEO plugin. -->","yoast_head_json":{"title":"projekt-roslinna - muda.studio - projektowanie wn\u0119trz","description":"Projekt wn\u0119trz i realizacja - Ro\u015blinna, Wroc\u0142aw","robots":{"index":"index","follow":"follow","max-snippet":"max-snippet:-1","max-image-preview":"max-image-preview:large","max-video-preview":"max-video-preview:-1"},"canonical":"https:\/\/muda.studio\/index.php\/projekt-roslinna\/","og_locale":"en_US","og_type":"article","og_title":"projekt-roslinna - muda.studio - projektowanie wn\u0119trz","og_description":"Projekt wn\u0119trz i realizacja - Ro\u015blinna, Wroc\u0142aw","og_url":"https:\/\/muda.studio\/index.php\/projekt-roslinna\/","og_site_name":"muda.studio - projektowanie wn\u0119trz","article_modified_time":"2021-11-12T13:09:06+00:00","twitter_card":"summary_large_image","twitter_misc":{"Est. reading time":"1 minute"},"schema":{"@context":"https:\/\/schema.org","@graph":[{"@type":"WebPage","@id":"https:\/\/muda.studio\/index.php\/projekt-roslinna\/","url":"https:\/\/muda.studio\/index.php\/projekt-roslinna\/","name":"projekt-roslinna - muda.studio - projektowanie wn\u0119trz","isPartOf":{"@id":"https:\/\/muda.studio\/#website"},"datePublished":"2021-03-30T19:00:28+00:00","dateModified":"2021-11-12T13:09:06+00:00","description":"Projekt wn\u0119trz i realizacja - Ro\u015blinna, Wroc\u0142aw","breadcrumb":{"@id":"https:\/\/muda.studio\/index.php\/projekt-roslinna\/#breadcrumb"},"inLanguage":"en-US","potentialAction":[{"@type":"ReadAction","target":["https:\/\/muda.studio\/index.php\/projekt-roslinna\/"]}]},{"@type":"BreadcrumbList","@id":"https:\/\/muda.studio\/index.php\/projekt-roslinna\/#breadcrumb","itemListElement":[{"@type":"ListItem","position":1,"name":"Home","item":"https:\/\/muda.studio\/"},{"@type":"ListItem","position":2,"name":"projekt-roslinna"}]},{"@type":"WebSite","@id":"https:\/\/muda.studio\/#website","url":"https:\/\/muda.studio\/","name":"muda.studio - projektowanie wn\u0119trz","description":"Projektowanie wn\u0119trz na terenie Wroc\u0142awia i nie tylko.","publisher":{"@id":"https:\/\/muda.studio\/#organization"},"potentialAction":[{"@type":"SearchAction","target":{"@type":"EntryPoint","urlTemplate":"https:\/\/muda.studio\/?s={search_term_string}"},"query-input":"required name=search_term_string"}],"inLanguage":"en-US"},{"@type":"Organization","@id":"https:\/\/muda.studio\/#organization","name":"muda.studio - projektowanie wn\u0119trz","url":"https:\/\/muda.studio\/","logo":{"@type":"ImageObject","inLanguage":"en-US","@id":"https:\/\/muda.studio\/#\/schema\/logo\/image\/","url":"https:\/\/muda.studio\/wp-content\/uploads\/2021\/02\/cropped-muda_logo_0033cc.png","contentUrl":"https:\/\/muda.studio\/wp-content\/uploads\/2021\/02\/cropped-muda_logo_0033cc.png","width":1919,"height":526,"caption":"muda.studio - projektowanie wn\u0119trz"},"image":{"@id":"https:\/\/muda.studio\/#\/schema\/logo\/image\/"}}]}},"_links":{"self":[{"href":"https:\/\/muda.studio\/index.php\/wp-json\/wp\/v2\/pages\/1823","targetHints":{"allow":["GET"]}}],"collection":[{"href":"https:\/\/muda.studio\/index.php\/wp-json\/wp\/v2\/pages"}],"about":[{"href":"https:\/\/muda.studio\/index.php\/wp-json\/wp\/v2\/types\/page"}],"author":[{"embeddable":true,"href":"https:\/\/muda.studio\/index.php\/wp-json\/wp\/v2\/users\/1"}],"replies":[{"embeddable":true,"href":"https:\/\/muda.studio\/index.php\/wp-json\/wp\/v2\/comments?post=1823"}],"version-history":[{"count":9,"href":"https:\/\/muda.studio\/index.php\/wp-json\/wp\/v2\/pages\/1823\/revisions"}],"predecessor-version":[{"id":2027,"href":"https:\/\/muda.studio\/index.php\/wp-json\/wp\/v2\/pages\/1823\/revisions\/2027"}],"wp:attachment":[{"href":"https:\/\/muda.studio\/index.php\/wp-json\/wp\/v2\/media?parent=1823"}],"wp:term":[{"taxonomy":"folder","embeddable":true,"href":"https:\/\/muda.studio\/index.php\/wp-json\/wp\/v2\/folder?post=1823"}],"curies":[{"name":"wp","href":"https:\/\/api.w.org\/{rel}","templated":true}]}}